{"id":281,"date":"2021-10-25T11:34:17","date_gmt":"2021-10-25T11:34:17","guid":{"rendered":"https:\/\/site.residencialsamoa.com.br\/?page_id=281"},"modified":"2021-11-09T12:25:25","modified_gmt":"2021-11-09T12:25:25","slug":"localizacao","status":"publish","type":"page","link":"https:\/\/www.residencialsamoa.com.br\/index.php\/localizacao\/","title":{"rendered":"LOCALIZA\u00c7\u00c3O"},"content":{"rendered":"\t\t<div data-elementor-type=\"wp-page\" data-elementor-id=\"281\" class=\"elementor elementor-281\" data-elementor-settings=\"[]\">\n\t\t\t\t\t\t\t<div class=\"elementor-section-wrap\">\n\t\t\t\t\t\t\t<section class=\"elementor-section elementor-top-section elementor-element elementor-element-aeaf150 elementor-section-stretched elementor-section-boxed elementor-section-height-default elementor-section-height-default\" data-id=\"aeaf150\" data-element_type=\"section\" data-settings=\"{&quot;stretch_section&quot;:&quot;section-stretched&quot;,&quot;background_background&quot;:&quot;classic&quot;}\">\n\t\t\t\t\t\t\t<div class=\"elementor-background-overlay\"><\/div>\n\t\t\t\t\t\t\t<div class=\"elementor-container elementor-column-gap-wider\">\n\t\t\t\t\t<div class=\"elementor-column elementor-col-100 elementor-top-column elementor-element elementor-element-55d89c7\" data-id=\"55d89c7\" data-element_type=\"column\">\n\t\t\t<div class=\"elementor-widget-wrap elementor-element-populated\">\n\t\t\t\t\t\t\t\t<section class=\"elementor-section elementor-inner-section elementor-element elementor-element-8bc8e68 elementor-section-boxed elementor-section-height-default elementor-section-height-default\" data-id=\"8bc8e68\" data-element_type=\"section\">\n\t\t\t\t\t\t<div class=\"elementor-container elementor-column-gap-default\">\n\t\t\t\t\t<div class=\"elementor-column elementor-col-100 elementor-inner-column elementor-element elementor-element-d29a627\" data-id=\"d29a627\" data-element_type=\"column\">\n\t\t\t<div class=\"elementor-widget-wrap elementor-element-populated\">\n\t\t\t\t\t\t\t\t<div class=\"elementor-element elementor-element-eb50f68 elementor-widget elementor-widget-heading\" data-id=\"eb50f68\" data-element_type=\"widget\" data-widget_type=\"heading.default\">\n\t\t\t\t<div class=\"elementor-widget-container\">\n\t\t\t<h2 class=\"elementor-heading-title elementor-size-default\">LOCALIZA\u00c7\u00c3O<\/h2>\t\t<\/div>\n\t\t\t\t<\/div>\n\t\t\t\t\t<\/div>\n\t\t<\/div>\n\t\t\t\t\t\t\t<\/div>\n\t\t<\/section>\n\t\t\t\t<section class=\"elementor-section elementor-inner-section elementor-element elementor-element-0de9ee7 elementor-section-boxed elementor-section-height-default elementor-section-height-default\" data-id=\"0de9ee7\" data-element_type=\"section\">\n\t\t\t\t\t\t<div class=\"elementor-container elementor-column-gap-default\">\n\t\t\t\t\t<div class=\"elementor-column elementor-col-100 elementor-inner-column elementor-element elementor-element-44a9263\" data-id=\"44a9263\" data-element_type=\"column\">\n\t\t\t<div class=\"elementor-widget-wrap elementor-element-populated\">\n\t\t\t\t\t\t\t\t<div class=\"elementor-element elementor-element-a685e5d elementor-widget elementor-widget-text-editor\" data-id=\"a685e5d\" data-element_type=\"widget\" data-widget_type=\"text-editor.default\">\n\t\t\t\t<div class=\"elementor-widget-container\">\n\t\t\t\t\t\t\t<p>Rua Leonides Pommer, 750 \u2013 Balne\u00e1rio Rainha do Mar &#8211; Itapo\u00e1\/Sc<\/p>\t\t\t\t\t\t<\/div>\n\t\t\t\t<\/div>\n\t\t\t\t\t<\/div>\n\t\t<\/div>\n\t\t\t\t\t\t\t<\/div>\n\t\t<\/section>\n\t\t\t\t<section class=\"elementor-section elementor-inner-section elementor-element elementor-element-709c1a5 elementor-section-boxed elementor-section-height-default elementor-section-height-default\" data-id=\"709c1a5\" data-element_type=\"section\">\n\t\t\t\t\t\t<div class=\"elementor-container elementor-column-gap-default\">\n\t\t\t\t\t<div class=\"elementor-column elementor-col-100 elementor-inner-column elementor-element elementor-element-60f743a\" data-id=\"60f743a\" data-element_type=\"column\">\n\t\t\t<div class=\"elementor-widget-wrap elementor-element-populated\">\n\t\t\t\t\t\t\t\t<div class=\"elementor-element elementor-element-2f8a367 elementor-widget elementor-widget-image\" data-id=\"2f8a367\" data-element_type=\"widget\" data-widget_type=\"image.default\">\n\t\t\t\t<div class=\"elementor-widget-container\">\n\t\t\t\t\t\t\t\t\t\t\t\t\t\t\t<img decoding=\"async\" width=\"800\" height=\"533\" src=\"https:\/\/www.residencialsamoa.com.br\/wp-content\/uploads\/2021\/10\/localizacao.jpeg\" class=\"attachment-large size-large\" alt=\"\" srcset=\"https:\/\/www.residencialsamoa.com.br\/wp-content\/uploads\/2021\/10\/localizacao.jpeg 800w, https:\/\/www.residencialsamoa.com.br\/wp-content\/uploads\/2021\/10\/localizacao-300x200.jpeg 300w, https:\/\/www.residencialsamoa.com.br\/wp-content\/uploads\/2021\/10\/localizacao-768x512.jpeg 768w, https:\/\/www.residencialsamoa.com.br\/wp-content\/uploads\/2021\/10\/localizacao-219x146.jpeg 219w, https:\/\/www.residencialsamoa.com.br\/wp-content\/uploads\/2021\/10\/localizacao-50x33.jpeg 50w, https:\/\/www.residencialsamoa.com.br\/wp-content\/uploads\/2021\/10\/localizacao-113x75.jpeg 113w\" sizes=\"(max-width: 800px) 100vw, 800px\" \/>\t\t\t\t\t\t\t\t\t\t\t\t\t\t\t<\/div>\n\t\t\t\t<\/div>\n\t\t\t\t\t<\/div>\n\t\t<\/div>\n\t\t\t\t\t\t\t<\/div>\n\t\t<\/section>\n\t\t\t\t\t<\/div>\n\t\t<\/div>\n\t\t\t\t\t\t\t<\/div>\n\t\t<\/section>\n\t\t\t\t<section class=\"elementor-section elementor-top-section elementor-element elementor-element-ff3396e elementor-section-stretched elementor-section-boxed elementor-section-height-default elementor-section-height-default\" data-id=\"ff3396e\" data-element_type=\"section\" data-settings=\"{&quot;stretch_section&quot;:&quot;section-stretched&quot;}\">\n\t\t\t\t\t\t\t<div class=\"elementor-background-overlay\"><\/div>\n\t\t\t\t\t\t\t<div class=\"elementor-container elementor-column-gap-wider\">\n\t\t\t\t\t<div class=\"elementor-column elementor-col-100 elementor-top-column elementor-element elementor-element-118886d\" data-id=\"118886d\" data-element_type=\"column\">\n\t\t\t<div class=\"elementor-widget-wrap elementor-element-populated\">\n\t\t\t\t\t\t\t\t<div class=\"elementor-element elementor-element-26116d9 elementor-align-center elementor-widget elementor-widget-button\" data-id=\"26116d9\" data-element_type=\"widget\" data-widget_type=\"button.default\">\n\t\t\t\t<div class=\"elementor-widget-container\">\n\t\t\t\t\t<div class=\"elementor-button-wrapper\">\n\t\t\t<a href=\"https:\/\/www.residencialsamoa.com.br\/index.php\/contato\/\" class=\"elementor-button-link elementor-button elementor-size-sm\" role=\"button\">\n\t\t\t\t\t\t<span class=\"elementor-button-content-wrapper\">\n\t\t\t\t\t\t<span class=\"elementor-button-text\">FA\u00c7A SUA PR\u00c9-RESERVA<\/span>\n\t\t<\/span>\n\t\t\t\t\t<\/a>\n\t\t<\/div>\n\t\t\t\t<\/div>\n\t\t\t\t<\/div>\n\t\t\t\t\t<\/div>\n\t\t<\/div>\n\t\t\t\t\t\t\t<\/div>\n\t\t<\/section>\n\t\t\t\t<section class=\"elementor-section elementor-top-section elementor-element elementor-element-266c9c0 elementor-section-full_width elementor-section-stretched elementor-section-height-default elementor-section-height-default\" data-id=\"266c9c0\" data-element_type=\"section\" data-settings=\"{&quot;stretch_section&quot;:&quot;section-stretched&quot;}\">\n\t\t\t\t\t\t<div class=\"elementor-container elementor-column-gap-wider\">\n\t\t\t\t\t<div class=\"elementor-column elementor-col-100 elementor-top-column elementor-element elementor-element-994929c\" data-id=\"994929c\" data-element_type=\"column\">\n\t\t\t<div class=\"elementor-widget-wrap elementor-element-populated\">\n\t\t\t\t\t\t\t\t<div class=\"elementor-element elementor-element-fc66d20 elementor-widget elementor-widget-google_maps\" data-id=\"fc66d20\" data-element_type=\"widget\" data-widget_type=\"google_maps.default\">\n\t\t\t\t<div class=\"elementor-widget-container\">\n\t\t\t\t\t<div class=\"elementor-custom-embed\">\n\t\t\t<iframe frameborder=\"0\" scrolling=\"no\" marginheight=\"0\" marginwidth=\"0\"\n\t\t\t\t\tsrc=\"https:\/\/maps.google.com\/maps?q=Residencial%20Samoa%2C%20tapoa&#038;t=m&#038;z=14&#038;output=embed&#038;iwloc=near\"\n\t\t\t\t\ttitle=\"Residencial Samoa, tapoa\"\n\t\t\t\t\taria-label=\"Residencial Samoa, tapoa\"\n\t\t\t><\/iframe>\n\t\t<\/div>\n\t\t\t\t<\/div>\n\t\t\t\t<\/div>\n\t\t\t\t\t<\/div>\n\t\t<\/div>\n\t\t\t\t\t\t\t<\/div>\n\t\t<\/section>\n\t\t\t\t\t\t<\/div>\n\t\t\t\t\t<\/div>\n\t\t","protected":false},"excerpt":{"rendered":"<p>LOCALIZA\u00c7\u00c3O Rua Leonides Pommer, 750 \u2013 Balne\u00e1rio Rainha do Mar &#8211; Itapo\u00e1\/Sc FA\u00c7A SUA PR\u00c9-RESERVA<\/p>\n","protected":false},"author":1,"featured_media":0,"parent":0,"menu_order":0,"comment_status":"closed","ping_status":"closed","template":"","meta":{"footnotes":""},"class_list":["post-281","page","type-page","status-publish","hentry"],"yoast_head":"<!-- This site is optimized with the Yoast SEO Premium plugin v16.4 (Yoast SEO v17.7.1) - https:\/\/yoast.com\/wordpress\/plugins\/seo\/ -->\n<title>LOCALIZA\u00c7\u00c3O - Residencial Samoa<\/title>\n<meta name=\"robots\" content=\"index, follow, max-snippet:-1, max-image-preview:large, max-video-preview:-1\" \/>\n<link rel=\"canonical\" href=\"https:\/\/www.residencialsamoa.com.br\/index.php\/localizacao\/\" \/>\n<meta property=\"og:locale\" content=\"pt_BR\" \/>\n<meta property=\"og:type\" content=\"article\" \/>\n<meta property=\"og:title\" content=\"LOCALIZA\u00c7\u00c3O - Residencial Samoa\" \/>\n<meta property=\"og:description\" content=\"LOCALIZA\u00c7\u00c3O Rua Leonides Pommer, 750 \u2013 Balne\u00e1rio Rainha do Mar &#8211; Itapo\u00e1\/Sc FA\u00c7A SUA PR\u00c9-RESERVA\" \/>\n<meta property=\"og:url\" content=\"https:\/\/www.residencialsamoa.com.br\/index.php\/localizacao\/\" \/>\n<meta property=\"og:site_name\" content=\"Residencial Samoa\" \/>\n<meta property=\"article:publisher\" content=\"https:\/\/www.facebook.com\/Residencial-Samoa-101933871854683\/\" \/>\n<meta property=\"article:modified_time\" content=\"2021-11-09T12:25:25+00:00\" \/>\n<meta property=\"og:image\" content=\"https:\/\/www.residencialsamoa.com.br\/wp-content\/uploads\/2021\/10\/localizacao.jpeg\" \/>\n<meta name=\"twitter:card\" content=\"summary_large_image\" \/>\n<meta name=\"twitter:label1\" content=\"Est. tempo de leitura\" \/>\n\t<meta name=\"twitter:data1\" content=\"1 minuto\" \/>\n<script type=\"application\/ld+json\" class=\"yoast-schema-graph\">{\"@context\":\"https:\/\/schema.org\",\"@graph\":[{\"@type\":\"Organization\",\"@id\":\"https:\/\/www.residencialsamoa.com.br\/#organization\",\"name\":\"Residencial Samoa\",\"url\":\"https:\/\/www.residencialsamoa.com.br\/\",\"sameAs\":[\"https:\/\/www.facebook.com\/Residencial-Samoa-101933871854683\/\",\"https:\/\/www.instagram.com\/residencialsamoa\/\"],\"logo\":{\"@type\":\"ImageObject\",\"@id\":\"https:\/\/www.residencialsamoa.com.br\/#logo\",\"inLanguage\":\"pt-BR\",\"url\":\"https:\/\/www.assaultfitness.com.br\/wp-content\/uploads\/2021\/07\/logoAssaultPreto.png\",\"contentUrl\":\"https:\/\/www.assaultfitness.com.br\/wp-content\/uploads\/2021\/07\/logoAssaultPreto.png\",\"width\":1170,\"height\":532,\"caption\":\"Residencial Samoa\"},\"image\":{\"@id\":\"https:\/\/www.residencialsamoa.com.br\/#logo\"}},{\"@type\":\"WebSite\",\"@id\":\"https:\/\/www.residencialsamoa.com.br\/#website\",\"url\":\"https:\/\/www.residencialsamoa.com.br\/\",\"name\":\"Residencial Samoa\",\"description\":\"Itapo\\u00e1 - SC\",\"publisher\":{\"@id\":\"https:\/\/www.residencialsamoa.com.br\/#organization\"},\"potentialAction\":[{\"@type\":\"SearchAction\",\"target\":{\"@type\":\"EntryPoint\",\"urlTemplate\":\"https:\/\/www.residencialsamoa.com.br\/?s={search_term_string}\"},\"query-input\":\"required name=search_term_string\"}],\"inLanguage\":\"pt-BR\"},{\"@type\":\"ImageObject\",\"@id\":\"https:\/\/www.residencialsamoa.com.br\/index.php\/localizacao\/#primaryimage\",\"inLanguage\":\"pt-BR\",\"url\":\"https:\/\/www.residencialsamoa.com.br\/wp-content\/uploads\/2021\/10\/localizacao.jpeg\",\"contentUrl\":\"https:\/\/www.residencialsamoa.com.br\/wp-content\/uploads\/2021\/10\/localizacao.jpeg\",\"width\":800,\"height\":533},{\"@type\":\"WebPage\",\"@id\":\"https:\/\/www.residencialsamoa.com.br\/index.php\/localizacao\/#webpage\",\"url\":\"https:\/\/www.residencialsamoa.com.br\/index.php\/localizacao\/\",\"name\":\"LOCALIZA\\u00c7\\u00c3O - Residencial Samoa\",\"isPartOf\":{\"@id\":\"https:\/\/www.residencialsamoa.com.br\/#website\"},\"primaryImageOfPage\":{\"@id\":\"https:\/\/www.residencialsamoa.com.br\/index.php\/localizacao\/#primaryimage\"},\"datePublished\":\"2021-10-25T11:34:17+00:00\",\"dateModified\":\"2021-11-09T12:25:25+00:00\",\"breadcrumb\":{\"@id\":\"https:\/\/www.residencialsamoa.com.br\/index.php\/localizacao\/#breadcrumb\"},\"inLanguage\":\"pt-BR\",\"potentialAction\":[{\"@type\":\"ReadAction\",\"target\":[\"https:\/\/www.residencialsamoa.com.br\/index.php\/localizacao\/\"]}]},{\"@type\":\"BreadcrumbList\",\"@id\":\"https:\/\/www.residencialsamoa.com.br\/index.php\/localizacao\/#breadcrumb\",\"itemListElement\":[{\"@type\":\"ListItem\",\"position\":1,\"name\":\"In\\u00edcio\",\"item\":\"https:\/\/www.residencialsamoa.com.br\/\"},{\"@type\":\"ListItem\",\"position\":2,\"name\":\"LOCALIZA\\u00c7\\u00c3O\"}]}]}<\/script>\n<!-- \/ Yoast SEO Premium plugin. -->","yoast_head_json":{"title":"LOCALIZA\u00c7\u00c3O - Residencial Samoa","robots":{"index":"index","follow":"follow","max-snippet":"max-snippet:-1","max-image-preview":"max-image-preview:large","max-video-preview":"max-video-preview:-1"},"canonical":"https:\/\/www.residencialsamoa.com.br\/index.php\/localizacao\/","og_locale":"pt_BR","og_type":"article","og_title":"LOCALIZA\u00c7\u00c3O - Residencial Samoa","og_description":"LOCALIZA\u00c7\u00c3O Rua Leonides Pommer, 750 \u2013 Balne\u00e1rio Rainha do Mar &#8211; Itapo\u00e1\/Sc FA\u00c7A SUA PR\u00c9-RESERVA","og_url":"https:\/\/www.residencialsamoa.com.br\/index.php\/localizacao\/","og_site_name":"Residencial Samoa","article_publisher":"https:\/\/www.facebook.com\/Residencial-Samoa-101933871854683\/","article_modified_time":"2021-11-09T12:25:25+00:00","og_image":[{"url":"https:\/\/www.residencialsamoa.com.br\/wp-content\/uploads\/2021\/10\/localizacao.jpeg"}],"twitter_card":"summary_large_image","twitter_misc":{"Est. tempo de leitura":"1 minuto"},"schema":{"@context":"https:\/\/schema.org","@graph":[{"@type":"Organization","@id":"https:\/\/www.residencialsamoa.com.br\/#organization","name":"Residencial Samoa","url":"https:\/\/www.residencialsamoa.com.br\/","sameAs":["https:\/\/www.facebook.com\/Residencial-Samoa-101933871854683\/","https:\/\/www.instagram.com\/residencialsamoa\/"],"logo":{"@type":"ImageObject","@id":"https:\/\/www.residencialsamoa.com.br\/#logo","inLanguage":"pt-BR","url":"https:\/\/www.assaultfitness.com.br\/wp-content\/uploads\/2021\/07\/logoAssaultPreto.png","contentUrl":"https:\/\/www.assaultfitness.com.br\/wp-content\/uploads\/2021\/07\/logoAssaultPreto.png","width":1170,"height":532,"caption":"Residencial Samoa"},"image":{"@id":"https:\/\/www.residencialsamoa.com.br\/#logo"}},{"@type":"WebSite","@id":"https:\/\/www.residencialsamoa.com.br\/#website","url":"https:\/\/www.residencialsamoa.com.br\/","name":"Residencial Samoa","description":"Itapo\u00e1 - SC","publisher":{"@id":"https:\/\/www.residencialsamoa.com.br\/#organization"},"potentialAction":[{"@type":"SearchAction","target":{"@type":"EntryPoint","urlTemplate":"https:\/\/www.residencialsamoa.com.br\/?s={search_term_string}"},"query-input":"required name=search_term_string"}],"inLanguage":"pt-BR"},{"@type":"ImageObject","@id":"https:\/\/www.residencialsamoa.com.br\/index.php\/localizacao\/#primaryimage","inLanguage":"pt-BR","url":"https:\/\/www.residencialsamoa.com.br\/wp-content\/uploads\/2021\/10\/localizacao.jpeg","contentUrl":"https:\/\/www.residencialsamoa.com.br\/wp-content\/uploads\/2021\/10\/localizacao.jpeg","width":800,"height":533},{"@type":"WebPage","@id":"https:\/\/www.residencialsamoa.com.br\/index.php\/localizacao\/#webpage","url":"https:\/\/www.residencialsamoa.com.br\/index.php\/localizacao\/","name":"LOCALIZA\u00c7\u00c3O - Residencial Samoa","isPartOf":{"@id":"https:\/\/www.residencialsamoa.com.br\/#website"},"primaryImageOfPage":{"@id":"https:\/\/www.residencialsamoa.com.br\/index.php\/localizacao\/#primaryimage"},"datePublished":"2021-10-25T11:34:17+00:00","dateModified":"2021-11-09T12:25:25+00:00","breadcrumb":{"@id":"https:\/\/www.residencialsamoa.com.br\/index.php\/localizacao\/#breadcrumb"},"inLanguage":"pt-BR","potentialAction":[{"@type":"ReadAction","target":["https:\/\/www.residencialsamoa.com.br\/index.php\/localizacao\/"]}]},{"@type":"BreadcrumbList","@id":"https:\/\/www.residencialsamoa.com.br\/index.php\/localizacao\/#breadcrumb","itemListElement":[{"@type":"ListItem","position":1,"name":"In\u00edcio","item":"https:\/\/www.residencialsamoa.com.br\/"},{"@type":"ListItem","position":2,"name":"LOCALIZA\u00c7\u00c3O"}]}]}},"_links":{"self":[{"href":"https:\/\/www.residencialsamoa.com.br\/index.php\/wp-json\/wp\/v2\/pages\/281","targetHints":{"allow":["GET"]}}],"collection":[{"href":"https:\/\/www.residencialsamoa.com.br\/index.php\/wp-json\/wp\/v2\/pages"}],"about":[{"href":"https:\/\/www.residencialsamoa.com.br\/index.php\/wp-json\/wp\/v2\/types\/page"}],"author":[{"embeddable":true,"href":"https:\/\/www.residencialsamoa.com.br\/index.php\/wp-json\/wp\/v2\/users\/1"}],"replies":[{"embeddable":true,"href":"https:\/\/www.residencialsamoa.com.br\/index.php\/wp-json\/wp\/v2\/comments?post=281"}],"version-history":[{"count":16,"href":"https:\/\/www.residencialsamoa.com.br\/index.php\/wp-json\/wp\/v2\/pages\/281\/revisions"}],"predecessor-version":[{"id":369,"href":"https:\/\/www.residencialsamoa.com.br\/index.php\/wp-json\/wp\/v2\/pages\/281\/revisions\/369"}],"wp:attachment":[{"href":"https:\/\/www.residencialsamoa.com.br\/index.php\/wp-json\/wp\/v2\/media?parent=281"}],"curies":[{"name":"wp","href":"https:\/\/api.w.org\/{rel}","templated":true}]}}